{"id":363,"date":"2024-10-06T10:02:05","date_gmt":"2024-10-06T08:02:05","guid":{"rendered":"https:\/\/danis-hundepension.de\/?page_id=363"},"modified":"2024-10-21T18:02:07","modified_gmt":"2024-10-21T16:02:07","slug":"363-2","status":"publish","type":"page","link":"https:\/\/danis-hundepension.de\/?page_id=363","title":{"rendered":"Notfallkarte"},"content":{"rendered":"<p>[et_pb_section fb_built=&#8220;1&#8243; _builder_version=&#8220;4.22.0&#8243; _module_preset=&#8220;default&#8220; global_colors_info=&#8220;{}&#8220;][et_pb_row _builder_version=&#8220;4.16&#8243; _module_preset=&#8220;default&#8220; custom_padding=&#8220;17px|||||&#8220; global_colors_info=&#8220;{}&#8220;][et_pb_column type=&#8220;4_4&#8243; _builder_version=&#8220;4.16&#8243; _module_preset=&#8220;default&#8220; global_colors_info=&#8220;{}&#8220;][et_pb_menu dropdown_menu_bg_color=&#8220;#cecece&#8220; dropdown_menu_line_color=&#8220;#90b32f&#8220; dropdown_menu_text_color=&#8220;#000000&#8243; logo=&#8220;https:\/\/danis-hundepension.de\/wp-content\/uploads\/2022\/11\/Logo-Hundepension-Kita-7.11.2022-400JpgdpiLogo-scaled.jpg&#8220; logo_width=&#8220;25%&#8220; logo_width_tablet=&#8220;25%&#8220; logo_width_phone=&#8220;60%&#8220; logo_width_last_edited=&#8220;on|phone&#8220; _builder_version=&#8220;4.19.1&#8243; _module_preset=&#8220;default&#8220; menu_font=&#8220;Lato|700|||||||&#8220; menu_font_size=&#8220;15px&#8220; menu_letter_spacing=&#8220;1px&#8220; text_orientation=&#8220;right&#8220; custom_margin=&#8220;||0px||false|false&#8220; custom_padding=&#8220;||0px||false|false&#8220; border_width_bottom=&#8220;2px&#8220; global_colors_info=&#8220;{}&#8220;][\/et_pb_menu][\/et_pb_column][\/et_pb_row][\/et_pb_section][et_pb_section fb_built=&#8220;1&#8243; _builder_version=&#8220;4.16&#8243; _module_preset=&#8220;default&#8220; custom_padding=&#8220;20px||0px|||&#8220; global_colors_info=&#8220;{}&#8220;][et_pb_row column_structure=&#8220;1_2,1_2&#8243; _builder_version=&#8220;4.16&#8243; _module_preset=&#8220;default&#8220; custom_padding=&#8220;||4px|||&#8220; global_colors_info=&#8220;{}&#8220;][et_pb_column type=&#8220;1_2&#8243; _builder_version=&#8220;4.16&#8243; _module_preset=&#8220;default&#8220; global_colors_info=&#8220;{}&#8220;][et_pb_image src=&#8220;https:\/\/danis-hundepension.de\/wp-content\/uploads\/2024\/10\/hund-wartet-bild-gekauft-Shotshop_26728209.jpg&#8220; title_text=&#8220;hund wartet &#8211; bild gekauft -Shotshop_26728209&#8243; _builder_version=&#8220;4.22.0&#8243; _module_preset=&#8220;default&#8220; global_colors_info=&#8220;{}&#8220;][\/et_pb_image][\/et_pb_column][et_pb_column type=&#8220;1_2&#8243; _builder_version=&#8220;4.16&#8243; _module_preset=&#8220;default&#8220; global_colors_info=&#8220;{}&#8220;][et_pb_text _builder_version=&#8220;4.22.0&#8243; _module_preset=&#8220;default&#8220; global_colors_info=&#8220;{}&#8220;]<\/p>\n<p><b><i>Was passiert mit unserem\/meinem Hund wenn uns\/mir etwas passiert?<\/i><\/b><o:p><\/o:p><\/p>\n<p><b>Das m\u00f6chte sich keiner vorstellen, doch es kann schneller kommen als es sich jeder w\u00fcnscht. Darum m\u00f6chten wir hier mit dieser kostenfreien\/Gratis Notfallkarte helfen!<\/b><o:p><\/o:p><\/p>\n<p>Mit der Notfallkarte kannst Du anderen mitteilen, dass Deine auf der Karte angegebene Kontaktperson \/ oder wir Danis Hundepension\/Kita verst\u00e4ndigt werden sollen, damit sie sich\/wir uns um Dein Haustier k\u00fcmmert\/k\u00fcmmern.<o:p><\/o:p><\/p>\n<p>Wir m\u00f6chten Dir\/euch diese Sorge abnehmen!<br \/>Kontaktiere uns und holt euch \/ hole Dir diese Notfall-Karte!<o:p><\/o:p><\/p>\n<p>[\/et_pb_text][\/et_pb_column][\/et_pb_row][et_pb_row _builder_version=&#8220;4.16&#8243; _module_preset=&#8220;default&#8220; global_colors_info=&#8220;{}&#8220;][et_pb_column type=&#8220;4_4&#8243; _builder_version=&#8220;4.16&#8243; _module_preset=&#8220;default&#8220; global_colors_info=&#8220;{}&#8220;][\/et_pb_column][\/et_pb_row][\/et_pb_section][et_pb_section fb_built=&#8220;1&#8243; _builder_version=&#8220;4.16&#8243; _module_preset=&#8220;default&#8220; custom_padding=&#8220;0px||0px|||&#8220; locked=&#8220;off&#8220; global_colors_info=&#8220;{}&#8220;][et_pb_row column_structure=&#8220;1_2,1_2&#8243; _builder_version=&#8220;4.16&#8243; _module_preset=&#8220;default&#8220; background_color=&#8220;#e5e5e5&#8243; custom_padding=&#8220;|32px||32px|false|true&#8220; global_colors_info=&#8220;{}&#8220;][et_pb_column type=&#8220;1_2&#8243; _builder_version=&#8220;4.16&#8243; _module_preset=&#8220;default&#8220; global_colors_info=&#8220;{}&#8220;][et_pb_text _builder_version=&#8220;4.16&#8243; _module_preset=&#8220;default&#8220; custom_padding=&#8220;|0px||||&#8220; global_colors_info=&#8220;{}&#8220;]<\/p>\n<p>Designed by <a href=\"http:\/\/www.dnsit.de\" target=\"_blank\" rel=\"noopener\">DNS IT-Systeme<\/a> GmbH<\/p>\n<p>[\/et_pb_text][\/et_pb_column][et_pb_column type=&#8220;1_2&#8243; _builder_version=&#8220;4.16&#8243; _module_preset=&#8220;default&#8220; global_colors_info=&#8220;{}&#8220;][et_pb_text _builder_version=&#8220;4.19.1&#8243; _module_preset=&#8220;default&#8220; global_colors_info=&#8220;{}&#8220;]<\/p>\n<p style=\"text-align: right;\"><a href=\"https:\/\/danis-hundepension.de\/?page_id=314\" title=\"Impressum\">Impressum<\/a> &amp; <a href=\"https:\/\/danis-hundepension.de\/?page_id=316\" title=\"Datenschutz\">Datenschutz<\/a><\/p>\n<p>[\/et_pb_text][\/et_pb_column][\/et_pb_row][\/et_pb_section]<\/p>\n","protected":false},"excerpt":{"rendered":"<p>Was passiert mit unserem\/meinem Hund wenn uns\/mir etwas passiert? Das m\u00f6chte sich keiner vorstellen, doch es kann schneller kommen als es sich jeder w\u00fcnscht. Darum m\u00f6chten wir hier mit dieser kostenfreien\/Gratis Notfallkarte helfen! Mit der Notfallkarte kannst Du anderen mitteilen, dass Deine auf der Karte angegebene Kontaktperson \/ oder wir Danis Hundepension\/Kita verst\u00e4ndigt werden sollen, [&hellip;]<\/p>\n","protected":false},"author":3,"featured_media":0,"parent":0,"menu_order":0,"comment_status":"closed","ping_status":"closed","template":"","meta":{"_et_pb_use_builder":"on","_et_pb_old_content":"","_et_gb_content_width":"","footnotes":""},"class_list":["post-363","page","type-page","status-publish","hentry"],"_links":{"self":[{"href":"https:\/\/danis-hundepension.de\/index.php?rest_route=\/wp\/v2\/pages\/363","targetHints":{"allow":["GET"]}}],"collection":[{"href":"https:\/\/danis-hundepension.de\/index.php?rest_route=\/wp\/v2\/pages"}],"about":[{"href":"https:\/\/danis-hundepension.de\/index.php?rest_route=\/wp\/v2\/types\/page"}],"author":[{"embeddable":true,"href":"https:\/\/danis-hundepension.de\/index.php?rest_route=\/wp\/v2\/users\/3"}],"replies":[{"embeddable":true,"href":"https:\/\/danis-hundepension.de\/index.php?rest_route=%2Fwp%2Fv2%2Fcomments&post=363"}],"version-history":[{"count":8,"href":"https:\/\/danis-hundepension.de\/index.php?rest_route=\/wp\/v2\/pages\/363\/revisions"}],"predecessor-version":[{"id":375,"href":"https:\/\/danis-hundepension.de\/index.php?rest_route=\/wp\/v2\/pages\/363\/revisions\/375"}],"wp:attachment":[{"href":"https:\/\/danis-hundepension.de\/index.php?rest_route=%2Fwp%2Fv2%2Fmedia&parent=363"}],"curies":[{"name":"wp","href":"https:\/\/api.w.org\/{rel}","templated":true}]}}