{"id":27,"date":"2022-11-15T09:26:52","date_gmt":"2022-11-15T08:26:52","guid":{"rendered":"https:\/\/danis-hundepension.de.dedi37.your-server.de\/?page_id=27"},"modified":"2023-02-14T08:29:01","modified_gmt":"2023-02-14T07:29:01","slug":"zum-hundesalon","status":"publish","type":"page","link":"https:\/\/danis-hundepension.de\/?page_id=27","title":{"rendered":"Zum Hundesalon"},"content":{"rendered":"<p>[et_pb_section fb_built=&#8220;1&#8243; _builder_version=&#8220;4.16&#8243; _module_preset=&#8220;default&#8220; global_colors_info=&#8220;{}&#8220;][et_pb_row _builder_version=&#8220;4.19.1&#8243; _module_preset=&#8220;default&#8220; background_image=&#8220;https:\/\/danis-hundepension.de\/wp-content\/uploads\/2022\/12\/AdobeStock_270907806-scaled.jpeg&#8220; min_height=&#8220;600px&#8220; hover_enabled=&#8220;0&#8243; custom_css_main_element=&#8220;display: flex;||align-items: center;&#8220; global_colors_info=&#8220;{}&#8220; title_text=&#8220;dental toothbrush  row of dogs&#8220; sticky_enabled=&#8220;0&#8243;][et_pb_column type=&#8220;4_4&#8243; _builder_version=&#8220;4.16&#8243; _module_preset=&#8220;default&#8220; global_colors_info=&#8220;{}&#8220;][et_pb_text _builder_version=&#8220;4.19.1&#8243; _module_preset=&#8220;default&#8220; text_font=&#8220;Lato||||||||&#8220; text_text_color=&#8220;#000000&#8243; text_letter_spacing=&#8220;2px&#8220; header_font=&#8220;Lato|700|||||||&#8220; header_text_color=&#8220;#4c4c4c&#8220; header_letter_spacing=&#8220;2px&#8220; background_color=&#8220;#e5e5e5&#8243; max_width=&#8220;50%&#8220; custom_padding=&#8220;32px|32px|32px|32px|true|true&#8220; hover_enabled=&#8220;0&#8243; custom_css_main_element=&#8220;margin: 0 auto;&#8220; global_colors_info=&#8220;{}&#8220; sticky_enabled=&#8220;0&#8243;]<\/p>\n<h4><strong><em>Und hier kommen wir zur Pflege unserer Lieblinge!<\/em><\/strong><\/h4>\n<p><em>Ich freue mich sehr, dass Sie diesen Bereich auch kennenlernen m\u00f6chten und sich daf\u00fcr interessieren!<\/em><\/p>\n<p><em>Hier im Vorfeld meine Leistungen:<\/em><\/p>\n<p><em><\/em><\/p>\n<ul>\n<li><em>Baden &amp; F\u00f6hnen<\/em><\/li>\n<li><em>Augen- und Ohrenpflege<\/em><\/li>\n<li><em>Schneiden und Scheren<\/em><\/li>\n<li><em>Trimmen<\/em><\/li>\n<li><em>K\u00e4mmen und B\u00fcrsten<\/em><\/li>\n<li><em>Carding \/ Entfilzen<\/em><\/li>\n<\/ul>\n<p>[\/et_pb_text][et_pb_button button_url=&#8220;http:\/\/www.danis-hundesalon.de&#8220; url_new_window=&#8220;on&#8220; button_text=&#8220;Zum Hundesalon&#8220; button_alignment=&#8220;center&#8220; _builder_version=&#8220;4.19.1&#8243; _module_preset=&#8220;default&#8220; custom_button=&#8220;on&#8220; button_text_size=&#8220;22px&#8220; button_text_color=&#8220;#FFFFFF&#8220; button_bg_color=&#8220;#0C71C3&#8243; button_border_width=&#8220;2px&#8220; button_border_color=&#8220;#FFFFFF&#8220; button_border_radius=&#8220;10px&#8220; button_letter_spacing=&#8220;2px&#8220; button_font=&#8220;Lato|700|||||||&#8220; button_icon=&#8220;&#x35;||divi||400&#8243; button_icon_color=&#8220;#FFFFFF&#8220; global_colors_info=&#8220;{}&#8220;][\/et_pb_button][\/et_pb_column][\/et_pb_row][\/et_pb_section]<\/p>\n","protected":false},"excerpt":{"rendered":"<p>Und hier kommen wir zur Pflege unserer Lieblinge! Ich freue mich sehr, dass Sie diesen Bereich auch kennenlernen m\u00f6chten und sich daf\u00fcr interessieren! Hier im Vorfeld meine Leistungen: Baden &amp; F\u00f6hnen Augen- und Ohrenpflege Schneiden und Scheren Trimmen K\u00e4mmen und B\u00fcrsten Carding \/ Entfilzen<\/p>\n","protected":false},"author":3,"featured_media":0,"parent":0,"menu_order":0,"comment_status":"closed","ping_status":"closed","template":"","meta":{"_et_pb_use_builder":"on","_et_pb_old_content":"","_et_gb_content_width":"","footnotes":""},"class_list":["post-27","page","type-page","status-publish","hentry"],"_links":{"self":[{"href":"https:\/\/danis-hundepension.de\/index.php?rest_route=\/wp\/v2\/pages\/27","targetHints":{"allow":["GET"]}}],"collection":[{"href":"https:\/\/danis-hundepension.de\/index.php?rest_route=\/wp\/v2\/pages"}],"about":[{"href":"https:\/\/danis-hundepension.de\/index.php?rest_route=\/wp\/v2\/types\/page"}],"author":[{"embeddable":true,"href":"https:\/\/danis-hundepension.de\/index.php?rest_route=\/wp\/v2\/users\/3"}],"replies":[{"embeddable":true,"href":"https:\/\/danis-hundepension.de\/index.php?rest_route=%2Fwp%2Fv2%2Fcomments&post=27"}],"version-history":[{"count":10,"href":"https:\/\/danis-hundepension.de\/index.php?rest_route=\/wp\/v2\/pages\/27\/revisions"}],"predecessor-version":[{"id":265,"href":"https:\/\/danis-hundepension.de\/index.php?rest_route=\/wp\/v2\/pages\/27\/revisions\/265"}],"wp:attachment":[{"href":"https:\/\/danis-hundepension.de\/index.php?rest_route=%2Fwp%2Fv2%2Fmedia&parent=27"}],"curies":[{"name":"wp","href":"https:\/\/api.w.org\/{rel}","templated":true}]}}