{"id":21,"date":"2022-11-15T09:15:34","date_gmt":"2022-11-15T08:15:34","guid":{"rendered":"https:\/\/danis-hundepension.de.dedi37.your-server.de\/?page_id=21"},"modified":"2025-10-22T16:41:39","modified_gmt":"2025-10-22T14:41:39","slug":"die-hundepension","status":"publish","type":"page","link":"https:\/\/danis-hundepension.de\/?page_id=21","title":{"rendered":"Die Hundepension"},"content":{"rendered":"<p>[et_pb_section fb_built=&#8220;1&#8243; _builder_version=&#8220;4.19.1&#8243; _module_preset=&#8220;default&#8220; global_colors_info=&#8220;{}&#8220;][et_pb_row _builder_version=&#8220;4.19.1&#8243; _module_preset=&#8220;default&#8220; global_colors_info=&#8220;{}&#8220;][et_pb_column type=&#8220;4_4&#8243; _builder_version=&#8220;4.19.1&#8243; _module_preset=&#8220;default&#8220; global_colors_info=&#8220;{}&#8220;][et_pb_text _builder_version=&#8220;4.19.1&#8243; _module_preset=&#8220;default&#8220; header_3_font=&#8220;Lato|700|||||||&#8220; header_3_text_color=&#8220;#FFFFFF&#8220; header_3_letter_spacing=&#8220;2px&#8220; header_4_font=&#8220;Lato|700|||||||&#8220; header_4_text_color=&#8220;#FFFFFF&#8220; header_4_letter_spacing=&#8220;2px&#8220; background_color=&#8220;#90b32f&#8220; min_height=&#8220;51px&#8220; custom_padding=&#8220;13px|16px|7px|16px|false|true&#8220; global_colors_info=&#8220;{}&#8220;]<\/p>\n<h1>Unsere Philosophie<\/h1>\n<p>[\/et_pb_text][\/et_pb_column][\/et_pb_row][et_pb_row column_structure=&#8220;1_2,1_2&#8243; _builder_version=&#8220;4.19.1&#8243; _module_preset=&#8220;default&#8220; custom_css_main_element=&#8220;display: flex;||align-items: center;||flex-wrap: wrap;&#8220; global_colors_info=&#8220;{}&#8220;][et_pb_column type=&#8220;1_2&#8243; _builder_version=&#8220;4.19.1&#8243; _module_preset=&#8220;default&#8220; global_colors_info=&#8220;{}&#8220;][et_pb_image src=&#8220;https:\/\/danis-hundepension.de\/wp-content\/uploads\/2022\/12\/AdobeStock_25627175.jpeg&#8220; title_text=&#8220;Agility &#8211; Sheltie im Tunnel&#8220; _builder_version=&#8220;4.19.1&#8243; _module_preset=&#8220;default&#8220; global_colors_info=&#8220;{}&#8220;][\/et_pb_image][\/et_pb_column][et_pb_column type=&#8220;1_2&#8243; _builder_version=&#8220;4.19.1&#8243; _module_preset=&#8220;default&#8220; global_colors_info=&#8220;{}&#8220;][et_pb_text _builder_version=&#8220;4.27.4&#8243; _module_preset=&#8220;default&#8220; text_font_size=&#8220;17px&#8220; header_text_color=&#8220;#000000&#8243; global_colors_info=&#8220;{}&#8220;]<\/p>\n<p><span style=\"font-size: large;\">Wir in der Dani\u00b4s Hundepension &amp; Hundekita legen nicht nur viel Wert auf Artgerechte sichere Betreuung, sondern der Hund \/ Ihr Hund muss auch eine Aufgabe mit Spa\u00df bei uns erhalten.<\/span><br aria-hidden=\"true\" \/><span style=\"font-size: large;\">Auch ein Hund kann Langeweile und Stress aufbauen\/haben.<\/span><\/p>\n<p><span style=\"font-size: large;\"><strong>Und das wollen wir versuchen zu vermeiden!<\/strong><\/span><\/p>\n<p><span style=\"font-size: large;\">Somit ist ein wichtiges Element in einer Hundepension\/Hundekita zur Besch\u00e4ftigung von Hunden ist der <strong>Hundetunnel<\/strong>, dieser Spieltunnel dient und f\u00f6rdert die Intelligenz und haben au\u00dferdem einen gro\u00dfen Spa\u00dffaktor.<\/span><\/p>\n<p>[\/et_pb_text][\/et_pb_column][\/et_pb_row][et_pb_row _builder_version=&#8220;4.19.1&#8243; _module_preset=&#8220;default&#8220; global_colors_info=&#8220;{}&#8220;][et_pb_column type=&#8220;4_4&#8243; _builder_version=&#8220;4.19.1&#8243; _module_preset=&#8220;default&#8220; global_colors_info=&#8220;{}&#8220;][et_pb_text _builder_version=&#8220;4.19.1&#8243; _module_preset=&#8220;default&#8220; header_3_font=&#8220;Lato|700|||||||&#8220; header_3_text_color=&#8220;#FFFFFF&#8220; header_3_letter_spacing=&#8220;2px&#8220; header_4_font=&#8220;Lato|700|||||||&#8220; header_4_text_color=&#8220;#FFFFFF&#8220; header_4_letter_spacing=&#8220;2px&#8220; background_color=&#8220;#90b32f&#8220; min_height=&#8220;51px&#8220; custom_padding=&#8220;13px|16px|7px|16px|false|true&#8220; global_colors_info=&#8220;{}&#8220;]<\/p>\n<h1>Unser Auftrag<\/h1>\n<p>[\/et_pb_text][\/et_pb_column][\/et_pb_row][et_pb_row column_structure=&#8220;1_2,1_2&#8243; _builder_version=&#8220;4.19.1&#8243; _module_preset=&#8220;default&#8220; custom_css_main_element=&#8220;display: flex;||align-items: center;||flex-wrap: wrap;&#8220; global_colors_info=&#8220;{}&#8220;][et_pb_column type=&#8220;1_2&#8243; _builder_version=&#8220;4.19.1&#8243; _module_preset=&#8220;default&#8220; global_colors_info=&#8220;{}&#8220;][et_pb_image src=&#8220;https:\/\/danis-hundepension.de\/wp-content\/uploads\/2022\/12\/AdobeStock_270907806-scaled.jpeg&#8220; title_text=&#8220;dental toothbrush  row of dogs&#8220; _builder_version=&#8220;4.19.1&#8243; _module_preset=&#8220;default&#8220; global_colors_info=&#8220;{}&#8220;][\/et_pb_image][\/et_pb_column][et_pb_column type=&#8220;1_2&#8243; _builder_version=&#8220;4.19.1&#8243; _module_preset=&#8220;default&#8220; global_colors_info=&#8220;{}&#8220;][et_pb_text _builder_version=&#8220;4.27.4&#8243; _module_preset=&#8220;default&#8220; global_colors_info=&#8220;{}&#8220;]<\/p>\n<p><span style=\"font-size: large;\">Effektives Spielzeug bei Hunden einzusetzen, ja das finden wir weiter sehr wichtig.<\/span><\/p>\n<p><span style=\"font-size: large;\">Hunde kauen Spielzeug, da es eine sehr gute M\u00f6glichkeit ist Ihre Z\u00e4hne sauber und stark zu halten. Kauen verbessert die Zahngesundheit Ihres Hundes indem es ihre Z\u00e4hne putzt, das Zahnfleisch massiert, die Ansammlung von Plaque reduziert und Zahnfleischerkrankungen vorbeugt.<\/span><\/p>\n<p><span style=\"font-size: large;\">Die Gefahr, dass ein Hund sein Spielzeug zerrei\u00dft ist recht gering und die Aufsichtspflicht welche wir haben nehmen wir sehr ernst. <strong>Aus diesem Grund nehmen wir nur ausgew\u00e4hlte Spielzeuge.<\/strong><\/span><\/p>\n<p>[\/et_pb_text][\/et_pb_column][\/et_pb_row][et_pb_row _builder_version=&#8220;4.19.1&#8243; _module_preset=&#8220;default&#8220; global_colors_info=&#8220;{}&#8220;][et_pb_column type=&#8220;4_4&#8243; _builder_version=&#8220;4.19.1&#8243; _module_preset=&#8220;default&#8220; global_colors_info=&#8220;{}&#8220;][et_pb_divider color=&#8220;#90b32f&#8220; divider_position=&#8220;center&#8220; divider_weight=&#8220;2px&#8220; _builder_version=&#8220;4.19.1&#8243; _module_preset=&#8220;default&#8220; global_colors_info=&#8220;{}&#8220;][\/et_pb_divider][\/et_pb_column][\/et_pb_row][et_pb_row column_structure=&#8220;1_2,1_2&#8243; _builder_version=&#8220;4.19.1&#8243; _module_preset=&#8220;default&#8220; custom_css_main_element=&#8220;display: flex;||align-items: center;||flex-wrap: wrap;&#8220; global_colors_info=&#8220;{}&#8220;][et_pb_column type=&#8220;1_2&#8243; _builder_version=&#8220;4.19.1&#8243; _module_preset=&#8220;default&#8220; global_colors_info=&#8220;{}&#8220;][et_pb_image src=&#8220;https:\/\/danis-hundepension.de\/wp-content\/uploads\/2022\/12\/AdobeStock_1755356-scaled.jpeg&#8220; title_text=&#8220;rubberaddballs&#8220; _builder_version=&#8220;4.19.1&#8243; _module_preset=&#8220;default&#8220; global_colors_info=&#8220;{}&#8220;][\/et_pb_image][\/et_pb_column][et_pb_column type=&#8220;1_2&#8243; _builder_version=&#8220;4.19.1&#8243; _module_preset=&#8220;default&#8220; global_colors_info=&#8220;{}&#8220;][et_pb_text _builder_version=&#8220;4.27.4&#8243; _module_preset=&#8220;default&#8220; global_colors_info=&#8220;{}&#8220;]<\/p>\n<p>Auch ist es immer wichtig, gutes und effektives Spielzeug bei Hunden einzusetzen. Bunte <strong>\u201eStringy Balls\u201c<\/strong> <em>(Bunte str\u00e4hnige B\u00e4lle)<\/em> sind ungiftig und frei von Latex.<\/p>\n<p>Diese reduzieren <strong>Stress, Angst und erh\u00f6ht die Konzentration<\/strong> des Hundes. Des Weiteren k\u00f6nnen sich Hunde sehr lange damit besch\u00e4ftigen, ohne M\u00fcde zu werden.<\/p>\n<p>[\/et_pb_text][\/et_pb_column][\/et_pb_row][et_pb_row _builder_version=&#8220;4.19.1&#8243; _module_preset=&#8220;default&#8220; locked=&#8220;off&#8220; global_colors_info=&#8220;{}&#8220;][et_pb_column type=&#8220;4_4&#8243; _builder_version=&#8220;4.19.1&#8243; _module_preset=&#8220;default&#8220; global_colors_info=&#8220;{}&#8220;][et_pb_text _builder_version=&#8220;4.19.1&#8243; _module_preset=&#8220;default&#8220; header_3_font=&#8220;Lato|700|||||||&#8220; header_3_text_color=&#8220;#FFFFFF&#8220; header_3_letter_spacing=&#8220;2px&#8220; header_4_font=&#8220;Lato|700|||||||&#8220; header_4_text_color=&#8220;#FFFFFF&#8220; header_4_letter_spacing=&#8220;2px&#8220; background_color=&#8220;#90b32f&#8220; min_height=&#8220;51px&#8220; custom_padding=&#8220;13px|16px|7px|16px|false|true&#8220; global_colors_info=&#8220;{}&#8220;]<\/p>\n<h1>Unsere 10er Karte<\/h1>\n<p>[\/et_pb_text][\/et_pb_column][\/et_pb_row][et_pb_row _builder_version=&#8220;4.19.1&#8243; _module_preset=&#8220;default&#8220; global_colors_info=&#8220;{}&#8220;][et_pb_column type=&#8220;4_4&#8243; _builder_version=&#8220;4.19.1&#8243; _module_preset=&#8220;default&#8220; global_colors_info=&#8220;{}&#8220;][et_pb_text _builder_version=&#8220;4.27.4&#8243; _module_preset=&#8220;default&#8220; global_colors_info=&#8220;{}&#8220;]<\/p>\n<h3 style=\"text-align: center;\">Hier k\u00f6nnen Sie ganz bequem unsere 10er Karte f\u00fcr die Hundepension downloaden.<\/h3>\n<p>[\/et_pb_text][et_pb_button button_url=&#8220;https:\/\/danis-hundepension.de\/wp-content\/uploads\/2022\/12\/10er-karte-hundekita-1.pdf&#8220; url_new_window=&#8220;on&#8220; button_text=&#8220;Download&#8220; button_alignment=&#8220;center&#8220; _builder_version=&#8220;4.19.1&#8243; _module_preset=&#8220;default&#8220; custom_button=&#8220;on&#8220; button_text_color=&#8220;#90b32f&#8220; button_letter_spacing=&#8220;2px&#8220; button_icon=&#8220;&#xe092;||divi||400&#8243; global_colors_info=&#8220;{}&#8220;][\/et_pb_button][\/et_pb_column][\/et_pb_row][\/et_pb_section]<\/p>\n","protected":false},"excerpt":{"rendered":"<p>Unsere PhilosophieWir in der Dani\u00b4s Hundepension &amp; Hundekita legen nicht nur viel Wert auf Artgerechte sichere Betreuung, sondern der Hund \/ Ihr Hund muss auch eine Aufgabe mit Spa\u00df bei uns erhalten.Auch ein Hund kann Langeweile und Stress aufbauen\/haben. Und das wollen wir versuchen zu vermeiden! Somit ist ein wichtiges Element in einer Hundepension\/Hundekita zur [&hellip;]<\/p>\n","protected":false},"author":3,"featured_media":0,"parent":0,"menu_order":0,"comment_status":"closed","ping_status":"closed","template":"","meta":{"_et_pb_use_builder":"on","_et_pb_old_content":"","_et_gb_content_width":"","footnotes":""},"class_list":["post-21","page","type-page","status-publish","hentry"],"_links":{"self":[{"href":"https:\/\/danis-hundepension.de\/index.php?rest_route=\/wp\/v2\/pages\/21","targetHints":{"allow":["GET"]}}],"collection":[{"href":"https:\/\/danis-hundepension.de\/index.php?rest_route=\/wp\/v2\/pages"}],"about":[{"href":"https:\/\/danis-hundepension.de\/index.php?rest_route=\/wp\/v2\/types\/page"}],"author":[{"embeddable":true,"href":"https:\/\/danis-hundepension.de\/index.php?rest_route=\/wp\/v2\/users\/3"}],"replies":[{"embeddable":true,"href":"https:\/\/danis-hundepension.de\/index.php?rest_route=%2Fwp%2Fv2%2Fcomments&post=21"}],"version-history":[{"count":18,"href":"https:\/\/danis-hundepension.de\/index.php?rest_route=\/wp\/v2\/pages\/21\/revisions"}],"predecessor-version":[{"id":430,"href":"https:\/\/danis-hundepension.de\/index.php?rest_route=\/wp\/v2\/pages\/21\/revisions\/430"}],"wp:attachment":[{"href":"https:\/\/danis-hundepension.de\/index.php?rest_route=%2Fwp%2Fv2%2Fmedia&parent=21"}],"curies":[{"name":"wp","href":"https:\/\/api.w.org\/{rel}","templated":true}]}}